{"id":51410,"date":"2023-07-31T21:52:30","date_gmt":"2023-07-31T21:52:30","guid":{"rendered":"https:\/\/termofol.pl\/sklep\/?post_type=product&#038;p=51410"},"modified":"2025-12-01T00:02:40","modified_gmt":"2025-11-30T23:02:40","slug":"kominek-elektryczny-do-zabudowy-tf-ef-1s-2032","status":"publish","type":"product","link":"https:\/\/termofol.pl\/sklep\/produkt\/kominek-elektryczny-do-zabudowy-tf-ef-1s-2032","title":{"rendered":"Kominek elektryczny do zabudowy TF-EF-1S-2032"},"content":{"rendered":"\t\t<div data-elementor-type=\"product-post\" data-elementor-id=\"51410\" class=\"elementor elementor-51410\" data-elementor-post-type=\"product\">\n\t\t\t\t\t\t<section class=\"elementor-section elementor-top-section elementor-element elementor-element-f49973a elementor-section-boxed elementor-section-height-default elementor-section-height-default\" data-id=\"f49973a\" data-element_type=\"section\" data-e-type=\"section\">\n\t\t\t\t\t\t<div class=\"elementor-container elementor-column-gap-default\">\n\t\t\t\t\t<div class=\"elementor-column elementor-col-100 elementor-top-column elementor-element elementor-element-154f564\" data-id=\"154f564\" data-element_type=\"column\" data-e-type=\"column\">\n\t\t\t<div class=\"elementor-widget-wrap elementor-element-populated\">\n\t\t\t\t\t\t<div class=\"elementor-element elementor-element-3dcd5de elementor-widget elementor-widget-heading\" data-id=\"3dcd5de\" data-element_type=\"widget\" data-e-type=\"widget\" data-widget_type=\"heading.default\">\n\t\t\t\t<div class=\"elementor-widget-container\">\n\t\t\t\t\t<h2 class=\"elementor-heading-title elementor-size-default\">Kominek elektryczny do zabudowy TF-EF-1S-2032<\/h2>\t\t\t\t<\/div>\n\t\t\t\t<\/div>\n\t\t\t\t<section class=\"elementor-section elementor-inner-section elementor-element elementor-element-1ae61fe elementor-section-boxed elementor-section-height-default elementor-section-height-default\" data-id=\"1ae61fe\" data-element_type=\"section\" data-e-type=\"section\">\n\t\t\t\t\t\t<div class=\"elementor-container elementor-column-gap-default\">\n\t\t\t\t\t<div class=\"elementor-column elementor-col-50 elementor-inner-column elementor-element elementor-element-4ef6118\" data-id=\"4ef6118\" data-element_type=\"column\" data-e-type=\"column\" data-settings=\"{&quot;background_background&quot;:&quot;classic&quot;}\">\n\t\t\t<div class=\"elementor-widget-wrap elementor-element-populated\">\n\t\t\t\t\t\t<div class=\"elementor-element elementor-element-3a132bb elementor-widget elementor-widget-image\" data-id=\"3a132bb\" data-element_type=\"widget\" data-e-type=\"widget\" data-widget_type=\"image.default\">\n\t\t\t\t<div class=\"elementor-widget-container\">\n\t\t\t\t\t\t\t\t\t\t\t\t\t\t\t<img fetchpriority=\"high\" decoding=\"async\" width=\"1024\" height=\"1024\" src=\"https:\/\/termofol.pl\/sklep\/wp-content\/uploads\/2023\/07\/TF-EF-1S-1050_R01.webp\" class=\"attachment-large size-large wp-image-51392\" alt=\"Kominek elektryczny do zabudowy TF-EF-1S-2032\" \/>\t\t\t\t\t\t\t\t\t\t\t\t\t\t\t<\/div>\n\t\t\t\t<\/div>\n\t\t\t\t\t<\/div>\n\t\t<\/div>\n\t\t\t\t<div class=\"elementor-column elementor-col-50 elementor-inner-column elementor-element elementor-element-3b9659c\" data-id=\"3b9659c\" data-element_type=\"column\" data-e-type=\"column\">\n\t\t\t<div class=\"elementor-widget-wrap elementor-element-populated\">\n\t\t\t\t\t\t<div class=\"elementor-element elementor-element-5ce6e72 elementor-icon-list--layout-traditional elementor-list-item-link-full_width elementor-widget elementor-widget-icon-list\" data-id=\"5ce6e72\" data-element_type=\"widget\" data-e-type=\"widget\" data-widget_type=\"icon-list.default\">\n\t\t\t\t<div class=\"elementor-widget-container\">\n\t\t\t\t\t\t\t<ul class=\"elementor-icon-list-items\">\n\t\t\t\t\t\t\t<li class=\"elementor-icon-list-item\">\n\t\t\t\t\t\t\t\t\t\t\t<span class=\"elementor-icon-list-icon\">\n\t\t\t\t\t\t\t<i aria-hidden=\"true\" class=\"fas fa-check\"><\/i>\t\t\t\t\t\t<\/span>\n\t\t\t\t\t\t\t\t\t\t<span class=\"elementor-icon-list-text\">Kominek z funkcj\u0105 grzewcz\u0105<\/span>\n\t\t\t\t\t\t\t\t\t<\/li>\n\t\t\t\t\t\t\t\t<li class=\"elementor-icon-list-item\">\n\t\t\t\t\t\t\t\t\t\t\t<span class=\"elementor-icon-list-icon\">\n\t\t\t\t\t\t\t<i aria-hidden=\"true\" class=\"fas fa-check\"><\/i>\t\t\t\t\t\t<\/span>\n\t\t\t\t\t\t\t\t\t\t<span class=\"elementor-icon-list-text\">Dost\u0119pny w czterech rozmiarach<\/span>\n\t\t\t\t\t\t\t\t\t<\/li>\n\t\t\t\t\t\t\t\t<li class=\"elementor-icon-list-item\">\n\t\t\t\t\t\t\t\t\t\t\t<span class=\"elementor-icon-list-icon\">\n\t\t\t\t\t\t\t<i aria-hidden=\"true\" class=\"fas fa-check\"><\/i>\t\t\t\t\t\t<\/span>\n\t\t\t\t\t\t\t\t\t\t<span class=\"elementor-icon-list-text\">Wiele mo\u017cliwo\u015bci monta\u017cu<\/span>\n\t\t\t\t\t\t\t\t\t<\/li>\n\t\t\t\t\t\t\t\t<li class=\"elementor-icon-list-item\">\n\t\t\t\t\t\t\t\t\t\t\t<span class=\"elementor-icon-list-icon\">\n\t\t\t\t\t\t\t<i aria-hidden=\"true\" class=\"fas fa-check\"><\/i>\t\t\t\t\t\t<\/span>\n\t\t\t\t\t\t\t\t\t\t<span class=\"elementor-icon-list-text\">Pilot zdalnego sterowania<\/span>\n\t\t\t\t\t\t\t\t\t<\/li>\n\t\t\t\t\t\t\t\t<li class=\"elementor-icon-list-item\">\n\t\t\t\t\t\t\t\t\t\t\t<span class=\"elementor-icon-list-icon\">\n\t\t\t\t\t\t\t<i aria-hidden=\"true\" class=\"fas fa-check\"><\/i>\t\t\t\t\t\t<\/span>\n\t\t\t\t\t\t\t\t\t\t<span class=\"elementor-icon-list-text\">Sterowania kolorem p\u0142omienia<\/span>\n\t\t\t\t\t\t\t\t\t<\/li>\n\t\t\t\t\t\t\t\t<li class=\"elementor-icon-list-item\">\n\t\t\t\t\t\t\t\t\t\t\t<span class=\"elementor-icon-list-icon\">\n\t\t\t\t\t\t\t<i aria-hidden=\"true\" class=\"fas fa-check\"><\/i>\t\t\t\t\t\t<\/span>\n\t\t\t\t\t\t\t\t\t\t<span class=\"elementor-icon-list-text\">Sterowanie kolorem pod\u015bwietlenia<\/span>\n\t\t\t\t\t\t\t\t\t<\/li>\n\t\t\t\t\t\t\t\t<li class=\"elementor-icon-list-item\">\n\t\t\t\t\t\t\t\t\t\t\t<span class=\"elementor-icon-list-icon\">\n\t\t\t\t\t\t\t<i aria-hidden=\"true\" class=\"fas fa-check\"><\/i>\t\t\t\t\t\t<\/span>\n\t\t\t\t\t\t\t\t\t\t<span class=\"elementor-icon-list-text\">Wbudowany g\u0142o\u015bnik<\/span>\n\t\t\t\t\t\t\t\t\t<\/li>\n\t\t\t\t\t\t\t\t<li class=\"elementor-icon-list-item\">\n\t\t\t\t\t\t\t\t\t\t\t<span class=\"elementor-icon-list-icon\">\n\t\t\t\t\t\t\t<i aria-hidden=\"true\" class=\"fas fa-check\"><\/i>\t\t\t\t\t\t<\/span>\n\t\t\t\t\t\t\t\t\t\t<span class=\"elementor-icon-list-text\">Sterowanie jasno\u015bci\u0105 p\u0142omienia<\/span>\n\t\t\t\t\t\t\t\t\t<\/li>\n\t\t\t\t\t\t\t\t<li class=\"elementor-icon-list-item\">\n\t\t\t\t\t\t\t\t\t\t\t<span class=\"elementor-icon-list-icon\">\n\t\t\t\t\t\t\t<i aria-hidden=\"true\" class=\"fas fa-check\"><\/i>\t\t\t\t\t\t<\/span>\n\t\t\t\t\t\t\t\t\t\t<span class=\"elementor-icon-list-text\">Realistyczny p\u0142omie\u0144<\/span>\n\t\t\t\t\t\t\t\t\t<\/li>\n\t\t\t\t\t\t\t\t<li class=\"elementor-icon-list-item\">\n\t\t\t\t\t\t\t\t\t\t\t<span class=\"elementor-icon-list-icon\">\n\t\t\t\t\t\t\t<i aria-hidden=\"true\" class=\"fas fa-check\"><\/i>\t\t\t\t\t\t<\/span>\n\t\t\t\t\t\t\t\t\t\t<span class=\"elementor-icon-list-text\">Aplikacja umozliwiaj\u0105ca obs\u0142uge telefonem:   TUYA SMART\/ TERMOFOL SMART<\/span>\n\t\t\t\t\t\t\t\t\t<\/li>\n\t\t\t\t\t\t<\/ul>\n\t\t\t\t\t\t<\/div>\n\t\t\t\t<\/div>\n\t\t\t\t\t<\/div>\n\t\t<\/div>\n\t\t\t\t\t<\/div>\n\t\t<\/section>\n\t\t\t\t<div class=\"elementor-element elementor-element-2087e00 elementor-widget elementor-widget-text-editor\" data-id=\"2087e00\" data-element_type=\"widget\" data-e-type=\"widget\" data-widget_type=\"text-editor.default\">\n\t\t\t\t<div class=\"elementor-widget-container\">\n\t\t\t\t\t\t\t\t\t<p>Elektryczny grzejnik kominkowy z serii 1S to nowoczesny, elektryczny wk\u0142ad kominkowy, wyposa\u017cony w zaawansowan\u0105 technologi\u0119 3D LED, kt\u00f3ra zapewnia niesamowicie realistyczne efekty wizualne p\u0142omienia. Jest idealnym rozwi\u0105zaniem do u\u017cytku wewn\u0105trz, w miejscach, gdzie tradycyjne kominki nie mog\u0105 by\u0107 zainstalowane. Dzi\u0119ki swojemu wygl\u0105dowi i wyko\u0144czeniu\u00a0 w kolorze czarnym, doskonale wpasuje si\u0119 w r\u00f3\u017cnorodne wn\u0119trza. Dodatkowo ma mo\u017cliwo\u015b\u0107 regulacji koloru ognia i o\u015bwietlenia. Daje to swobod\u0119 personalizacji w dowolnym momencie.<\/p><p>Kominek mo\u017cna udekorowa\u0107 polanami z \u017cywicy lub kryszta\u0142ami, a ca\u0142o\u015b\u0107 jest os\u0142oni\u0119ta przez szyby, co dodaje mu elegancji. \u0141atwe sterowanie jest mo\u017cliwe dzi\u0119ki dotykowemu pilotowi lub panelowi sterowania. Ponadto, urz\u0105dzenie zosta\u0142o wyposa\u017cone w dwustopniowy system grzewczy, kt\u00f3ry skutecznie podnosi temperatur\u0119 pomieszczenia w ch\u0142odniejsze dni, zapewniaj\u0105c dodatkowe ciep\u0142o i komfort.<\/p><p>Nasz kominek elektryczny stanowi doskona\u0142e rozwi\u0105zanie dla wn\u0119trz, gdzie niemo\u017cliwe jest zastosowanie tradycyjnego paleniska na drewno lub brak instalacji gazowej. Wystarczy pod\u0142\u0105czy\u0107 urz\u0105dzenie do sieci elektrycznej, aby m\u00f3g\u0142 by\u0107 u\u017cywany. Monta\u017c komink\u00f3w z serii HM jest szybki, prosty i nie wymaga \u017cadnych nak\u0142ad\u00f3w finansowych.<\/p>\t\t\t\t\t\t\t\t<\/div>\n\t\t\t\t<\/div>\n\t\t\t\t<div class=\"elementor-element elementor-element-e35b0de elementor-widget elementor-widget-image\" data-id=\"e35b0de\" data-element_type=\"widget\" data-e-type=\"widget\" data-widget_type=\"image.default\">\n\t\t\t\t<div class=\"elementor-widget-container\">\n\t\t\t\t\t\t\t\t\t\t\t\t\t\t\t<img decoding=\"async\" width=\"1024\" height=\"576\" src=\"https:\/\/termofol.pl\/sklep\/wp-content\/uploads\/2023\/07\/TF-EF-1S-1050_aranzacja_R01.webp\" class=\"attachment-large size-large wp-image-51535\" alt=\"Kominek elektryczny do zabudowy TF-EF-1S-2032\" \/>\t\t\t\t\t\t\t\t\t\t\t\t\t\t\t<\/div>\n\t\t\t\t<\/div>\n\t\t\t\t\t<\/div>\n\t\t<\/div>\n\t\t\t\t\t<\/div>\n\t\t<\/section>\n\t\t\t\t<\/div>\n\t\t","protected":false},"excerpt":{"rendered":"<p>Kominek elektryczny do zabudowy TF-EF-1S-2032 Kominek z funkcj\u0105 grzewcz\u0105 Dost\u0119pny w czterech rozmiarach Wiele mo\u017cliwo\u015bci monta\u017cu Pilot zdalnego sterowania Sterowania kolorem p\u0142omienia Sterowanie kolorem pod\u015bwietlenia Wbudowany g\u0142o\u015bnik Sterowanie jasno\u015bci\u0105 p\u0142omienia Realistyczny p\u0142omie\u0144 Aplikacja umozliwiaj\u0105ca obs\u0142uge telefonem: TUYA SMART\/ TERMOFOL SMART Elektryczny grzejnik kominkowy z serii 1S to nowoczesny, elektryczny wk\u0142ad kominkowy, wyposa\u017cony w zaawansowan\u0105 technologi\u0119 [&hellip;]<\/p>\n","protected":false},"featured_media":51365,"template":"","meta":[],"product_brand":[],"product_cat":[511,513],"product_tag":[785],"class_list":{"0":"post-51410","1":"product","2":"type-product","3":"status-publish","4":"has-post-thumbnail","6":"product_cat-kominki-elektryczne","7":"product_cat-kominki-elektryczne-do-zabudowy","8":"product_tag-ef-1s","10":"first","11":"instock","12":"taxable","13":"shipping-taxable","14":"purchasable","15":"product-type-simple"},"aioseo_notices":[],"acf":[],"_links":{"self":[{"href":"https:\/\/termofol.pl\/sklep\/wp-json\/wp\/v2\/product\/51410","targetHints":{"allow":["GET"]}}],"collection":[{"href":"https:\/\/termofol.pl\/sklep\/wp-json\/wp\/v2\/product"}],"about":[{"href":"https:\/\/termofol.pl\/sklep\/wp-json\/wp\/v2\/types\/product"}],"version-history":[{"count":0,"href":"https:\/\/termofol.pl\/sklep\/wp-json\/wp\/v2\/product\/51410\/revisions"}],"wp:featuredmedia":[{"embeddable":true,"href":"https:\/\/termofol.pl\/sklep\/wp-json\/wp\/v2\/media\/51365"}],"wp:attachment":[{"href":"https:\/\/termofol.pl\/sklep\/wp-json\/wp\/v2\/media?parent=51410"}],"wp:term":[{"taxonomy":"product_brand","embeddable":true,"href":"https:\/\/termofol.pl\/sklep\/wp-json\/wp\/v2\/product_brand?post=51410"},{"taxonomy":"product_cat","embeddable":true,"href":"https:\/\/termofol.pl\/sklep\/wp-json\/wp\/v2\/product_cat?post=51410"},{"taxonomy":"product_tag","embeddable":true,"href":"https:\/\/termofol.pl\/sklep\/wp-json\/wp\/v2\/product_tag?post=51410"}],"curies":[{"name":"wp","href":"https:\/\/api.w.org\/{rel}","templated":true}]}}